{"id":1694,"date":"2021-09-23T17:14:23","date_gmt":"2021-09-23T20:14:23","guid":{"rendered":"https:\/\/abadaserra.pt\/?page_id=1694"},"modified":"2022-12-02T10:59:01","modified_gmt":"2022-12-02T13:59:01","slug":"alojamento","status":"publish","type":"page","link":"https:\/\/abadaserra.pt\/en\/alojamento\/","title":{"rendered":"Accommodation"},"content":{"rendered":"<div class=\"wpb-content-wrapper\"><section class=\"vc_section\"><div class=\"vc_row wpb_row vc_row-fluid\"><div class=\"wpb_column vc_column_container vc_col-sm-12\"><div class=\"vc_column-inner\"><div class=\"wpb_wrapper\">\n\t<div class=\"wpb_text_column wpb_content_element\" >\n\t\t<div class=\"wpb_wrapper\">\n\t\t\t<h1 style=\"text-align: center;\"><strong>Accommodation<\/strong><\/h1>\n\n\t\t<\/div>\n\t<\/div>\n<\/div><\/div><\/div><\/div><div class=\"vc_row wpb_row vc_row-fluid\"><div class=\"wpb_column vc_column_container vc_col-sm-12\"><div class=\"vc_column-inner\"><div class=\"wpb_wrapper\">\n\t<div class=\"wpb_text_column wpb_content_element vc_custom_1638407338174\" >\n\t\t<div class=\"wpb_wrapper\">\n\t\t\t<p><span style=\"color: #838181;\">Aba da Serra has a total of 6 double rooms, divided in:<\/span><br \/>\n<span style=\"color: #838181;\">&#8211; 4 suites<\/span><br \/>\n<span style=\"color: #838181;\">- 2 rooms on a house with it\u2019s own living-room and kitchenette (Caldeira House)<\/span><\/p>\n<p><span style=\"color: #838181;\">The common areas consists in a recreation room and, on the outdoors, a pleasant yard, porch and a swimming pool.<\/span><\/p>\n<p><span style=\"color: #838181;\">Breakfast included, with a variety of local and fresh products.<\/span><\/p>\n<p><span style=\"color: #838181;\">All rooms have cable TV and free wi-fi.<\/span><\/p>\n<p><span style=\"color: #838181;\">All bedrooms are climate-controlled by air-conditioning \/ heating<\/span><\/p>\n<p><span style=\"color: #838181;\">There is a public parking area within 70m from the house.<\/span><\/p>\n\n\t\t<\/div>\n\t<\/div>\n<\/div><\/div><\/div><\/div><div class=\"vc_row wpb_row vc_row-fluid\"><div class=\"wpb_column vc_column_container vc_col-sm-6\"><div class=\"vc_column-inner\"><div class=\"wpb_wrapper\"><div class=\"vc_empty_space\"   style=\"height: 130px\"><span class=\"vc_empty_space_inner\"><\/span><\/div>\n\t<div class=\"wpb_text_column wpb_content_element vc_custom_1637725192583\" id=\"quartosindependentes\">\n\t\t<div class=\"wpb_wrapper\">\n\t\t\t<h1>Suites<\/h1>\n\n\t\t<\/div>\n\t<\/div>\n\n\t<div class=\"wpb_text_column wpb_content_element\" >\n\t\t<div class=\"wpb_wrapper\">\n\t\t\t<ul>\n<li><span style=\"color: #838181;\">4 suites<\/span><\/li>\n<li><span style=\"color: #838181;\">Capacity: 2 adults per bedroom.<\/span><\/li>\n<li><span style=\"color: #838181;\">Bed: 1 double bed king-size or 2 single beds.<\/span><\/li>\n<li><span style=\"color: #838181;\">Bathroom.<\/span><\/li>\n<li><span style=\"color: #838181;\">Kitchenette equipped with microwaves and other utensils.<\/span><\/li>\n<li><span style=\"color: #838181;\">Outdoor area with table, and access to the common yard.<\/span><\/li>\n<li><span style=\"color: #838181;\">Amenities: Air conditioning\/heating, cable TV and free wi-fi<\/span><\/li>\n<li><span style=\"color: #838181;\">Reduced mobility: One suite is properly adapted.<\/span><\/li>\n<\/ul>\n\n\t\t<\/div>\n\t<\/div>\n<\/div><\/div><\/div><div class=\"wpb_column vc_column_container vc_col-sm-6\"><div class=\"vc_column-inner\"><div class=\"wpb_wrapper\"><div class=\"vc_empty_space\"   style=\"height: 100px\"><span class=\"vc_empty_space_inner\"><\/span><\/div><div class=\"wpb_images_carousel wpb_content_element vc_clearfix wpb_content_element\"><div class=\"wpb_wrapper\"><div id=\"vc_images-carousel-1-1778072218\" data-ride=\"vc_carousel\" data-wrap=\"true\" style=\"width: 500px;\" data-interval=\"5000\" data-auto-height=\"yes\" data-mode=\"horizontal\" data-partial=\"false\" data-per-view=\"1\" data-hide-on-end=\"false\" class=\"vc_slide vc_images_carousel\"><ol class=\"vc_carousel-indicators\"><li data-target=\"#vc_images-carousel-1-1778072218\" data-slide-to=\"0\"><\/li><li data-target=\"#vc_images-carousel-1-1778072218\" data-slide-to=\"1\"><\/li><li data-target=\"#vc_images-carousel-1-1778072218\" data-slide-to=\"2\"><\/li><li data-target=\"#vc_images-carousel-1-1778072218\" data-slide-to=\"3\"><\/li><\/ol><div class=\"vc_carousel-inner\"><div class=\"vc_carousel-slideline\"><div class=\"vc_carousel-slideline-inner\"><div class=\"vc_item\"><div class=\"vc_inner\"><img decoding=\"async\" class=\"\" src=\"https:\/\/abadaserra.pt\/wp-content\/uploads\/2021\/11\/3-scaled-500x400.jpg\" width=\"500\" height=\"400\" alt=\"3\" title=\"3\" loading=\"lazy\" \/><\/div><\/div><div class=\"vc_item\"><div class=\"vc_inner\"><img decoding=\"async\" class=\"\" src=\"https:\/\/abadaserra.pt\/wp-content\/uploads\/2021\/11\/2-scaled-500x400.jpg\" width=\"500\" height=\"400\" alt=\"2\" title=\"2\" loading=\"lazy\" \/><\/div><\/div><div class=\"vc_item\"><div class=\"vc_inner\"><img decoding=\"async\" class=\"\" src=\"https:\/\/abadaserra.pt\/wp-content\/uploads\/2021\/11\/1-scaled-500x400.jpg\" width=\"500\" height=\"400\" alt=\"1\" title=\"1\" loading=\"lazy\" \/><\/div><\/div><div class=\"vc_item\"><div class=\"vc_inner\"><img decoding=\"async\" class=\"\" src=\"https:\/\/abadaserra.pt\/wp-content\/uploads\/2021\/11\/4-scaled-500x400.jpg\" width=\"500\" height=\"400\" alt=\"4\" title=\"4\" loading=\"lazy\" \/><\/div><\/div><\/div><\/div><\/div><a class=\"vc_left vc_carousel-control\" href=\"#vc_images-carousel-1-1778072218\" data-slide=\"prev\"><span class=\"icon-prev\"><\/span><\/a><a class=\"vc_right vc_carousel-control\" href=\"#vc_images-carousel-1-1778072218\" data-slide=\"next\"><span class=\"icon-next\"><\/span><\/a><\/div><\/div><\/div><\/div><\/div><\/div><\/div><div class=\"vc_row wpb_row vc_row-fluid\"><div class=\"wpb_column vc_column_container vc_col-sm-6\"><div class=\"vc_column-inner\"><div class=\"wpb_wrapper\"><div class=\"vc_empty_space\"   style=\"height: 100px\"><span class=\"vc_empty_space_inner\"><\/span><\/div><div class=\"wpb_images_carousel wpb_content_element vc_clearfix wpb_content_element\"><div class=\"wpb_wrapper\"><div id=\"vc_images-carousel-2-1778072218\" data-ride=\"vc_carousel\" data-wrap=\"true\" style=\"width: 500px;\" data-interval=\"5000\" data-auto-height=\"yes\" data-mode=\"horizontal\" data-partial=\"false\" data-per-view=\"1\" data-hide-on-end=\"false\" class=\"vc_slide vc_images_carousel\"><ol class=\"vc_carousel-indicators\"><li data-target=\"#vc_images-carousel-2-1778072218\" data-slide-to=\"0\"><\/li><li data-target=\"#vc_images-carousel-2-1778072218\" data-slide-to=\"1\"><\/li><li data-target=\"#vc_images-carousel-2-1778072218\" data-slide-to=\"2\"><\/li><li data-target=\"#vc_images-carousel-2-1778072218\" data-slide-to=\"3\"><\/li><\/ol><div class=\"vc_carousel-inner\"><div class=\"vc_carousel-slideline\"><div class=\"vc_carousel-slideline-inner\"><div class=\"vc_item\"><div class=\"vc_inner\"><img decoding=\"async\" class=\"\" src=\"https:\/\/abadaserra.pt\/wp-content\/uploads\/2021\/11\/3-1-scaled-500x400.jpg\" width=\"500\" height=\"400\" alt=\"3\" title=\"3\" loading=\"lazy\" \/><\/div><\/div><div class=\"vc_item\"><div class=\"vc_inner\"><img decoding=\"async\" class=\"\" src=\"https:\/\/abadaserra.pt\/wp-content\/uploads\/2021\/11\/2-1-scaled-500x400.jpg\" width=\"500\" height=\"400\" alt=\"2\" title=\"2\" loading=\"lazy\" \/><\/div><\/div><div class=\"vc_item\"><div class=\"vc_inner\"><img decoding=\"async\" class=\"\" src=\"https:\/\/abadaserra.pt\/wp-content\/uploads\/2021\/11\/1-1-scaled-500x400.jpg\" width=\"500\" height=\"400\" alt=\"1\" title=\"1\" loading=\"lazy\" \/><\/div><\/div><div class=\"vc_item\"><div class=\"vc_inner\"><img decoding=\"async\" class=\"\" src=\"https:\/\/abadaserra.pt\/wp-content\/uploads\/2021\/11\/4-1-scaled-500x400.jpg\" width=\"500\" height=\"400\" alt=\"4\" title=\"4\" loading=\"lazy\" \/><\/div><\/div><\/div><\/div><\/div><a class=\"vc_left vc_carousel-control\" href=\"#vc_images-carousel-2-1778072218\" data-slide=\"prev\"><span class=\"icon-prev\"><\/span><\/a><a class=\"vc_right vc_carousel-control\" href=\"#vc_images-carousel-2-1778072218\" data-slide=\"next\"><span class=\"icon-next\"><\/span><\/a><\/div><\/div><\/div><\/div><\/div><\/div><div class=\"wpb_column vc_column_container vc_col-sm-6\"><div class=\"vc_column-inner\"><div class=\"wpb_wrapper\"><div class=\"vc_empty_space\"   style=\"height: 100px\"><span class=\"vc_empty_space_inner\"><\/span><\/div>\n\t<div class=\"wpb_text_column wpb_content_element vc_custom_1637725443123\" id=\"casadacaldeira\">\n\t\t<div class=\"wpb_wrapper\">\n\t\t\t<h1 style=\"text-align: right;\">Caldeira House<\/h1>\n\n\t\t<\/div>\n\t<\/div>\n\n\t<div class=\"wpb_text_column wpb_content_element\" >\n\t\t<div class=\"wpb_wrapper\">\n\t\t\t<ul>\n<li><span style=\"color: #838181;\">2 double rooms, 2 toilets, 1 living room and 1 kitchenette.<\/span><\/li>\n<li><span style=\"color: #838181;\">Capacity: 4 adults<\/span><\/li>\n<li><span style=\"color: #838181;\">Bed: 1 double bed king-size or 2 single beds (per room)<\/span><\/li>\n<li><span style=\"color: #838181;\">1 bathroom and 1 toilet<\/span><\/li>\n<li><span style=\"color: #838181;\">1 Kitchenette fully equipped<\/span><\/li>\n<li><span style=\"color: #838181;\">1 living room<\/span><\/li>\n<li><span style=\"color: #838181;\">Outdoor area with table, and access to the common yard.<\/span><\/li>\n<li><span style=\"color: #838181;\">Amenities: Air conditioning\/heating, cable TV and free wi-fi<\/span><\/li>\n<\/ul>\n\n\t\t<\/div>\n\t<\/div>\n<\/div><\/div><\/div><\/div><div class=\"vc_row wpb_row vc_row-fluid\"><div class=\"wpb_column vc_column_container vc_col-sm-6\"><div class=\"vc_column-inner\"><div class=\"wpb_wrapper\"><div class=\"vc_empty_space\"   style=\"height: 100px\"><span class=\"vc_empty_space_inner\"><\/span><\/div>\n\t<div class=\"wpb_text_column wpb_content_element vc_custom_1639105910200\" id=\"divisoescomuns\">\n\t\t<div class=\"wpb_wrapper\">\n\t\t\t<h1>Common Areas<br \/>\nand Outdoor<\/h1>\n\n\t\t<\/div>\n\t<\/div>\n\n\t<div class=\"wpb_text_column wpb_content_element vc_custom_1638407406157\" id=\"divisoescomuns\">\n\t\t<div class=\"wpb_wrapper\">\n\t\t\t<ul>\n<li><span style=\"color: #838181;\">Recreation room<\/span><\/li>\n<li><span style=\"color: #838181;\">Yard<\/span><\/li>\n<li><span style=\"color: #838181;\">Porch<\/span><\/li>\n<li><span style=\"color: #838181;\">Swimming pool<\/span><\/li>\n<\/ul>\n\n\t\t<\/div>\n\t<\/div>\n<\/div><\/div><\/div><div class=\"wpb_column vc_column_container vc_col-sm-6\"><div class=\"vc_column-inner\"><div class=\"wpb_wrapper\"><div class=\"vc_empty_space\"   style=\"height: 100px\"><span class=\"vc_empty_space_inner\"><\/span><\/div><div class=\"wpb_images_carousel wpb_content_element vc_clearfix wpb_content_element\"><div class=\"wpb_wrapper\"><div id=\"vc_images-carousel-3-1778072218\" data-ride=\"vc_carousel\" data-wrap=\"true\" style=\"width: 500px;\" data-interval=\"5000\" data-auto-height=\"yes\" data-mode=\"horizontal\" data-partial=\"false\" data-per-view=\"1\" data-hide-on-end=\"false\" class=\"vc_slide vc_images_carousel\"><ol class=\"vc_carousel-indicators\"><li data-target=\"#vc_images-carousel-3-1778072218\" data-slide-to=\"0\"><\/li><li data-target=\"#vc_images-carousel-3-1778072218\" data-slide-to=\"1\"><\/li><li data-target=\"#vc_images-carousel-3-1778072218\" data-slide-to=\"2\"><\/li><li data-target=\"#vc_images-carousel-3-1778072218\" data-slide-to=\"3\"><\/li><li data-target=\"#vc_images-carousel-3-1778072218\" data-slide-to=\"4\"><\/li><\/ol><div class=\"vc_carousel-inner\"><div class=\"vc_carousel-slideline\"><div class=\"vc_carousel-slideline-inner\"><div class=\"vc_item\"><div class=\"vc_inner\"><img decoding=\"async\" class=\"\" src=\"https:\/\/abadaserra.pt\/wp-content\/uploads\/2021\/11\/2-2-scaled-500x400.jpg\" width=\"500\" height=\"400\" alt=\"2\" title=\"2\" loading=\"lazy\" \/><\/div><\/div><div class=\"vc_item\"><div class=\"vc_inner\"><img decoding=\"async\" class=\"\" src=\"https:\/\/abadaserra.pt\/wp-content\/uploads\/2021\/12\/WhatsApp-Image-2021-12-15-at-12.26.25-PM-500x400.jpeg\" width=\"500\" height=\"400\" alt=\"WhatsApp Image 2021-12-15 at 12.26.25 PM\" title=\"WhatsApp Image 2021-12-15 at 12.26.25 PM\" loading=\"lazy\" \/><\/div><\/div><div class=\"vc_item\"><div class=\"vc_inner\"><img decoding=\"async\" class=\"\" src=\"https:\/\/abadaserra.pt\/wp-content\/uploads\/2021\/11\/1-2-scaled-500x400.jpg\" width=\"500\" height=\"400\" alt=\"1\" title=\"1\" loading=\"lazy\" \/><\/div><\/div><div class=\"vc_item\"><div class=\"vc_inner\"><img decoding=\"async\" class=\"\" src=\"https:\/\/abadaserra.pt\/wp-content\/uploads\/2021\/11\/4-2-scaled-500x400.jpg\" width=\"500\" height=\"400\" alt=\"4\" title=\"4\" loading=\"lazy\" \/><\/div><\/div><div class=\"vc_item\"><div class=\"vc_inner\"><img decoding=\"async\" class=\"\" src=\"https:\/\/abadaserra.pt\/wp-content\/uploads\/2021\/11\/3-2-scaled-500x400.jpg\" width=\"500\" height=\"400\" alt=\"3\" title=\"3\" loading=\"lazy\" \/><\/div><\/div><\/div><\/div><\/div><a class=\"vc_left vc_carousel-control\" href=\"#vc_images-carousel-3-1778072218\" data-slide=\"prev\"><span class=\"icon-prev\"><\/span><\/a><a class=\"vc_right vc_carousel-control\" href=\"#vc_images-carousel-3-1778072218\" data-slide=\"next\"><span class=\"icon-next\"><\/span><\/a><\/div><\/div><\/div><\/div><\/div><\/div><\/div><\/section><div class=\"vc_row wpb_row vc_row-fluid\"><div class=\"wpb_column vc_column_container vc_col-sm-6 vc_hidden-xs\"><div class=\"vc_column-inner\"><div class=\"wpb_wrapper\"><div class=\"wpb_images_carousel wpb_content_element vc_clearfix vc_custom_1637726672633 wpb_content_element\"><div class=\"wpb_wrapper\"><div id=\"vc_images-carousel-4-1778072218\" data-ride=\"vc_carousel\" data-wrap=\"true\" style=\"width: 500px;\" data-interval=\"5000\" data-auto-height=\"yes\" data-mode=\"horizontal\" data-partial=\"false\" data-per-view=\"1\" data-hide-on-end=\"false\" class=\"vc_slide vc_images_carousel\"><ol class=\"vc_carousel-indicators\"><li data-target=\"#vc_images-carousel-4-1778072218\" data-slide-to=\"0\"><\/li><li data-target=\"#vc_images-carousel-4-1778072218\" data-slide-to=\"1\"><\/li><li data-target=\"#vc_images-carousel-4-1778072218\" data-slide-to=\"2\"><\/li><li data-target=\"#vc_images-carousel-4-1778072218\" data-slide-to=\"3\"><\/li><\/ol><div class=\"vc_carousel-inner\"><div class=\"vc_carousel-slideline\"><div class=\"vc_carousel-slideline-inner\"><div class=\"vc_item\"><div class=\"vc_inner\"><img decoding=\"async\" class=\"\" src=\"https:\/\/abadaserra.pt\/wp-content\/uploads\/2021\/11\/4-3-scaled-500x400.jpg\" width=\"500\" height=\"400\" alt=\"4\" title=\"4\" loading=\"lazy\" \/><\/div><\/div><div class=\"vc_item\"><div class=\"vc_inner\"><img decoding=\"async\" class=\"\" src=\"https:\/\/abadaserra.pt\/wp-content\/uploads\/2021\/11\/1-3-scaled-500x400.jpg\" width=\"500\" height=\"400\" alt=\"1\" title=\"1\" loading=\"lazy\" \/><\/div><\/div><div class=\"vc_item\"><div class=\"vc_inner\"><img decoding=\"async\" class=\"\" src=\"https:\/\/abadaserra.pt\/wp-content\/uploads\/2021\/11\/2-3-scaled-500x400.jpg\" width=\"500\" height=\"400\" alt=\"2\" title=\"2\" loading=\"lazy\" \/><\/div><\/div><div class=\"vc_item\"><div class=\"vc_inner\"><img decoding=\"async\" class=\"\" src=\"https:\/\/abadaserra.pt\/wp-content\/uploads\/2021\/11\/3-3-scaled-500x400.jpg\" width=\"500\" height=\"400\" alt=\"3\" title=\"3\" loading=\"lazy\" \/><\/div><\/div><\/div><\/div><\/div><a class=\"vc_left vc_carousel-control\" href=\"#vc_images-carousel-4-1778072218\" data-slide=\"prev\"><span class=\"icon-prev\"><\/span><\/a><a class=\"vc_right vc_carousel-control\" href=\"#vc_images-carousel-4-1778072218\" data-slide=\"next\"><span class=\"icon-next\"><\/span><\/a><\/div><\/div><\/div><\/div><\/div><\/div><div class=\"wpb_column vc_column_container vc_col-sm-6 vc_hidden-xs\"><div class=\"vc_column-inner\"><div class=\"wpb_wrapper\">\n\t<div class=\"wpb_text_column wpb_content_element vc_custom_1637726657822\" id=\"pequenoalmo\u00e7o\">\n\t\t<div class=\"wpb_wrapper\">\n\t\t\t<h1 style=\"text-align: left;\">Breakfast<\/h1>\n\n\t\t<\/div>\n\t<\/div>\n\n\t<div class=\"wpb_text_column wpb_content_element\" >\n\t\t<div class=\"wpb_wrapper\">\n\t\t\t<p><span style=\"color: #838181;\">The lodging includes breakfast, in self-service regime, within the indicated schedule.<\/span><\/p>\n<p><span style=\"color: #838181;\">The breakfast has various products, and we give special priority  to local and fresh products, highlighting the magnificent Abrigada fresh bread, jams and regional cakes.<\/span><\/p>\n\n\t\t<\/div>\n\t<\/div>\n<\/div><\/div><\/div><\/div><section class=\"vc_section\"><\/section><div class=\"vc_row wpb_row vc_row-fluid\"><div class=\"wpb_column vc_column_container vc_col-sm-12\"><div class=\"vc_column-inner\"><div class=\"wpb_wrapper\">\n\t<div class=\"wpb_raw_code wpb_raw_js\" >\n\t\t<div class=\"wpb_wrapper\">\n\t\t\t<script>\njQuery(document).ready(function(){\njQuery('.vc_carousel-indicators li:first').click(); \n})\n<\/script>\n\t\t<\/div>\n\t<\/div>\n<\/div><\/div><\/div><\/div>\n<\/div>","protected":false},"excerpt":{"rendered":"Alojamento Aba da Serra disp\u00f5e de um total de 6 quartos duplos, divididos em: - 4 suites - 2 quartos numa casa com sala e kitchenette pr\u00f3prias (Casa da Caldeira) Como zonas comuns existe uma sala de conv\u00edvio e, no exterior, um agrad\u00e1vel p\u00e1tio, alpendre e uma piscina. Pequeno almo\u00e7o inclu\u00eddo, com uma variedade de [...]","protected":false},"author":1,"featured_media":0,"parent":0,"menu_order":0,"comment_status":"closed","ping_status":"closed","template":"","meta":{"footnotes":""},"class_list":["post-1694","page","type-page","status-publish","hentry"],"_links":{"self":[{"href":"https:\/\/abadaserra.pt\/en\/wp-json\/wp\/v2\/pages\/1694","targetHints":{"allow":["GET"]}}],"collection":[{"href":"https:\/\/abadaserra.pt\/en\/wp-json\/wp\/v2\/pages"}],"about":[{"href":"https:\/\/abadaserra.pt\/en\/wp-json\/wp\/v2\/types\/page"}],"author":[{"embeddable":true,"href":"https:\/\/abadaserra.pt\/en\/wp-json\/wp\/v2\/users\/1"}],"replies":[{"embeddable":true,"href":"https:\/\/abadaserra.pt\/en\/wp-json\/wp\/v2\/comments?post=1694"}],"version-history":[{"count":39,"href":"https:\/\/abadaserra.pt\/en\/wp-json\/wp\/v2\/pages\/1694\/revisions"}],"predecessor-version":[{"id":1865,"href":"https:\/\/abadaserra.pt\/en\/wp-json\/wp\/v2\/pages\/1694\/revisions\/1865"}],"wp:attachment":[{"href":"https:\/\/abadaserra.pt\/en\/wp-json\/wp\/v2\/media?parent=1694"}],"curies":[{"name":"wp","href":"https:\/\/api.w.org\/{rel}","templated":true}]}}