{"id":1699,"date":"2021-09-24T10:35:04","date_gmt":"2021-09-24T13:35:04","guid":{"rendered":"https:\/\/abadaserra.pt\/?page_id=1699"},"modified":"2022-12-08T22:03:45","modified_gmt":"2022-12-09T01:03:45","slug":"eventos","status":"publish","type":"page","link":"https:\/\/abadaserra.pt\/en\/eventos\/","title":{"rendered":"Events"},"content":{"rendered":"<div class=\"wpb-content-wrapper\"><div class=\"vc_row wpb_row vc_row-fluid\"><div data-vc-parallax=\"1.5\" class=\"wpb_column vc_column_container vc_col-sm-12 vc_col-has-fill vc_general vc_parallax vc_parallax-content-moving\"><div class=\"vc_column-inner\"><div class=\"wpb_wrapper\">\n\t<div class=\"wpb_text_column wpb_content_element vc_custom_1632494350104\" >\n\t\t<div class=\"wpb_wrapper\">\n\t\t\t<h1 style=\"text-align: center;\"><strong>Events<\/strong><\/h1>\n\n\t\t<\/div>\n\t<\/div>\n\n\t<div class=\"wpb_text_column wpb_content_element\" >\n\t\t<div class=\"wpb_wrapper\">\n\t\t\t<p><span style=\"color: #838181;\">Aba da Serra offers a wide space for holding events.<\/span><\/p>\n<p><span style=\"color: #838181;\">This area comes from an old typical wine cellar refurbishment, where it\u2019s original architecture was kept, as the stone walls or the wine mill.<\/span><\/p>\n<ul>\n<li><span style=\"color: #838181;\">Capacity: 150 persons (seated)<\/span><\/li>\n<li><span style=\"color: #838181;\">Area: 230 m2 interior, 280 m2 exterior<\/span><\/li>\n<li><span style=\"color: #838181;\">Backup areas: 1 pantry, WC\u2019s<\/span><\/li>\n<li><span style=\"color: #838181;\">Free wi-fi<\/span><\/li>\n<li><span style=\"color: #838181;\">Parking: public parking area within 70m from the house<\/span><\/li>\n<li><span style=\"color: #838181;\">Ideal for hosting events as:<\/span>\n<ul>\n<li><span style=\"color: #838181;\">Weddings<\/span><\/li>\n<li><span style=\"color: #838181;\">Baptism celebrations<\/span><\/li>\n<li><span style=\"color: #838181;\">Wine tasting<\/span><\/li>\n<li><span style=\"color: #838181;\">Corporate events<\/span><\/li>\n<li><span style=\"color: #838181;\">Several celebrations<\/span><\/li>\n<\/ul>\n<\/li>\n<\/ul>\n\n\t\t<\/div>\n\t<\/div>\n<div class=\"wpb_images_carousel wpb_content_element vc_clearfix wpb_content_element\"><div class=\"wpb_wrapper\"><div id=\"vc_images-carousel-1-1778072013\" data-ride=\"vc_carousel\" data-wrap=\"false\" style=\"width: 800px;\" data-interval=\"0\" data-auto-height=\"yes\" data-mode=\"horizontal\" data-partial=\"false\" data-per-view=\"1\" data-hide-on-end=\"true\" class=\"vc_slide vc_images_carousel\"><ol class=\"vc_carousel-indicators\"><li data-target=\"#vc_images-carousel-1-1778072013\" data-slide-to=\"0\"><\/li><li data-target=\"#vc_images-carousel-1-1778072013\" data-slide-to=\"1\"><\/li><li data-target=\"#vc_images-carousel-1-1778072013\" data-slide-to=\"2\"><\/li><li data-target=\"#vc_images-carousel-1-1778072013\" data-slide-to=\"3\"><\/li><li data-target=\"#vc_images-carousel-1-1778072013\" data-slide-to=\"4\"><\/li><li data-target=\"#vc_images-carousel-1-1778072013\" data-slide-to=\"5\"><\/li><\/ol><div class=\"vc_carousel-inner\"><div class=\"vc_carousel-slideline\"><div class=\"vc_carousel-slideline-inner\"><div class=\"vc_item\"><div class=\"vc_inner\"><a class=\"\" href=\"https:\/\/abadaserra.pt\/wp-content\/uploads\/2021\/11\/56.-1024x683.jpg\" data-lightbox=\"lightbox[rel-1699-543827529]\"><img decoding=\"async\" class=\"\" src=\"https:\/\/abadaserra.pt\/wp-content\/uploads\/2021\/11\/56.-scaled-800x600.jpg\" width=\"800\" height=\"600\" alt=\"56.\" title=\"56.\" loading=\"lazy\" \/><\/a><\/div><\/div><div class=\"vc_item\"><div class=\"vc_inner\"><a class=\"\" href=\"https:\/\/abadaserra.pt\/wp-content\/uploads\/2021\/11\/55.-1024x683.jpg\" data-lightbox=\"lightbox[rel-1699-543827529]\"><img decoding=\"async\" class=\"\" src=\"https:\/\/abadaserra.pt\/wp-content\/uploads\/2021\/11\/55.-scaled-800x600.jpg\" width=\"800\" height=\"600\" alt=\"55.\" title=\"55.\" loading=\"lazy\" \/><\/a><\/div><\/div><div class=\"vc_item\"><div class=\"vc_inner\"><a class=\"\" href=\"https:\/\/abadaserra.pt\/wp-content\/uploads\/2021\/11\/57.-1024x683.jpg\" data-lightbox=\"lightbox[rel-1699-543827529]\"><img decoding=\"async\" class=\"\" src=\"https:\/\/abadaserra.pt\/wp-content\/uploads\/2021\/11\/57.-scaled-800x600.jpg\" width=\"800\" height=\"600\" alt=\"57.\" title=\"57.\" loading=\"lazy\" \/><\/a><\/div><\/div><div class=\"vc_item\"><div class=\"vc_inner\"><a class=\"\" href=\"https:\/\/abadaserra.pt\/wp-content\/uploads\/2021\/11\/63.-1024x683.jpg\" data-lightbox=\"lightbox[rel-1699-543827529]\"><img decoding=\"async\" class=\"\" src=\"https:\/\/abadaserra.pt\/wp-content\/uploads\/2021\/11\/63.-scaled-800x600.jpg\" width=\"800\" height=\"600\" alt=\"63.\" title=\"63.\" loading=\"lazy\" \/><\/a><\/div><\/div><div class=\"vc_item\"><div class=\"vc_inner\"><a class=\"\" href=\"https:\/\/abadaserra.pt\/wp-content\/uploads\/2021\/11\/65.-1024x683.jpg\" data-lightbox=\"lightbox[rel-1699-543827529]\"><img decoding=\"async\" class=\"\" src=\"https:\/\/abadaserra.pt\/wp-content\/uploads\/2021\/11\/65.-scaled-800x600.jpg\" width=\"800\" height=\"600\" alt=\"65.\" title=\"65.\" loading=\"lazy\" \/><\/a><\/div><\/div><div class=\"vc_item\"><div class=\"vc_inner\"><a class=\"\" href=\"https:\/\/abadaserra.pt\/wp-content\/uploads\/2021\/11\/4-5-1024x683.jpg\" data-lightbox=\"lightbox[rel-1699-543827529]\"><img decoding=\"async\" class=\"\" src=\"https:\/\/abadaserra.pt\/wp-content\/uploads\/2021\/11\/4-5-scaled-800x600.jpg\" width=\"800\" height=\"600\" alt=\"4\" title=\"4\" loading=\"lazy\" \/><\/a><\/div><\/div><\/div><\/div><\/div><a class=\"vc_left vc_carousel-control\" href=\"#vc_images-carousel-1-1778072013\" data-slide=\"prev\"><span class=\"icon-prev\"><\/span><\/a><a class=\"vc_right vc_carousel-control\" href=\"#vc_images-carousel-1-1778072013\" data-slide=\"next\"><span class=\"icon-next\"><\/span><\/a><\/div><\/div><\/div><\/div><\/div><\/div><\/div>\n<\/div>","protected":false},"excerpt":{"rendered":"Eventos Aba da Serra disp\u00f5e de um espa\u00e7o amplo para a realiza\u00e7\u00e3o de eventos. Este espa\u00e7o provem da recupera\u00e7\u00e3o de uma adega t\u00edpica da regi\u00e3o, de onde foram mantidos todos os tra\u00e7os originais, as paredes de pedra, o seu lagar, etc. Capacidade: 150 pessoas sentadas \u00c1rea: 230 m2 interior, 280 m2 exterior Zonas de apoio: [...]","protected":false},"author":1,"featured_media":0,"parent":0,"menu_order":0,"comment_status":"closed","ping_status":"closed","template":"","meta":{"footnotes":""},"class_list":["post-1699","page","type-page","status-publish","hentry"],"_links":{"self":[{"href":"https:\/\/abadaserra.pt\/en\/wp-json\/wp\/v2\/pages\/1699","targetHints":{"allow":["GET"]}}],"collection":[{"href":"https:\/\/abadaserra.pt\/en\/wp-json\/wp\/v2\/pages"}],"about":[{"href":"https:\/\/abadaserra.pt\/en\/wp-json\/wp\/v2\/types\/page"}],"author":[{"embeddable":true,"href":"https:\/\/abadaserra.pt\/en\/wp-json\/wp\/v2\/users\/1"}],"replies":[{"embeddable":true,"href":"https:\/\/abadaserra.pt\/en\/wp-json\/wp\/v2\/comments?post=1699"}],"version-history":[{"count":19,"href":"https:\/\/abadaserra.pt\/en\/wp-json\/wp\/v2\/pages\/1699\/revisions"}],"predecessor-version":[{"id":2036,"href":"https:\/\/abadaserra.pt\/en\/wp-json\/wp\/v2\/pages\/1699\/revisions\/2036"}],"wp:attachment":[{"href":"https:\/\/abadaserra.pt\/en\/wp-json\/wp\/v2\/media?parent=1699"}],"curies":[{"name":"wp","href":"https:\/\/api.w.org\/{rel}","templated":true}]}}