{"id":1701,"date":"2021-09-24T10:35:25","date_gmt":"2021-09-24T13:35:25","guid":{"rendered":"https:\/\/abadaserra.pt\/?page_id=1701"},"modified":"2022-12-02T11:40:49","modified_gmt":"2022-12-02T14:40:49","slug":"na-regiao","status":"publish","type":"page","link":"https:\/\/abadaserra.pt\/en\/na-regiao\/","title":{"rendered":"Exploring"},"content":{"rendered":"<div class=\"wpb-content-wrapper\"><div class=\"vc_row wpb_row vc_row-fluid\"><div class=\"wpb_column vc_column_container vc_col-sm-12\"><div class=\"vc_column-inner\"><div class=\"wpb_wrapper\">\n\t<div class=\"wpb_text_column wpb_content_element\" >\n\t\t<div class=\"wpb_wrapper\">\n\t\t\t<h1 style=\"text-align: center;\"><strong>Exploring<\/strong><\/h1>\n\n\t\t<\/div>\n\t<\/div>\n\n\t<div class=\"wpb_text_column wpb_content_element vc_custom_1638406949146\" >\n\t\t<div class=\"wpb_wrapper\">\n\t\t\t<p style=\"text-align: center;\"><span style=\"color: #838181;\">Located in the village of Abrigada, Ada da Serra finds itself integrated in a region of high cultural, recreational and sporting interest.<\/span><\/p>\n\n\t\t<\/div>\n\t<\/div>\n\n\t<div class=\"wpb_text_column wpb_content_element\" >\n\t\t<div class=\"wpb_wrapper\">\n\t\t\t<p><span style=\"color: #838181;\">Abrigada it\u2019s a village born downhill Montejunto mountain (Serra do Montejunto). It\u2019s central location, region of Estremadura, places Abrigada at least than one hour from several points of interest of Portugal center region.<\/span><\/p>\n\n\t\t<\/div>\n\t<\/div>\n\n\t<div class=\"wpb_text_column wpb_content_element\" >\n\t\t<div class=\"wpb_wrapper\">\n\t\t\t<p><span style=\"color: #838181;\"><strong>&#8211; Serra do Montejunto<br \/>\n<\/strong>V\u00eddeo Montejunto: <a style=\"color: #838181;\" href=\"https:\/\/www.youtube.com\/watch?v=OGCZUv06Bwo\" target=\"_blank\" rel=\"noopener\">https:\/\/www.youtube.com\/watch?v=OGCZUv06Bwo<\/a><\/span><\/p>\n<p><span style=\"color: #838181;\">As the main touristic spot, we highlight Serra do Montejunto (at 10 minutes of Abrigada)<\/span><\/p>\n<p><span style=\"color: #838181;\">Located between the West Coast and Tagus river valley, surrounded by vineyards and agricultural fields, with an altitude of 666 m, is known as the highest mountain on Lisbon district. In  1999 was created the protected landscape of Serra do Montejunto. From it\u2019s peak it\u2019s possible to see a wide view, from Berlengas islands to Arr\u00e1bida mountain, and to the north, Lous\u00e3 mountain.<\/span><\/p>\n<p><span style=\"color: #838181;\">Besides it\u2019s landscape\/biodiversity  beauty , there are several villages on Montejunto surroundings that supports an ancestral heritage. \u201cNossa Senhora das Neves\u201d convent, \u201cCantar aos Reis\u201d singing, \u201cF\u00e1brica do Gelo\u201d (ancient ice factory), and the several windmills, are some of the cultural marks of this mountain.<\/span><\/p>\n<p><span style=\"color: #838181;\">There are several leisure activities, as a picnic park, trails, etc.<\/span><\/p>\n<p><span style=\"color: #838181;\">We enhance the activities:<\/span><\/p>\n<p><span style=\"color: #838181;\">Nossa senhora das Neves \u2013 First Portuguese Dominican Convent.<\/span><br \/>\n<span style=\"color: #838181;\"><a style=\"color: #838181;\" href=\"http:\/\/www.cadavalcativa.pt\/heritage\/patrimonio-arqueologico\" target=\"_blank\" rel=\"noopener\">http:\/\/www.cadavalcativa.pt\/heritage\/patrimonio-arqueologico<\/a><\/span><\/p>\n<p><span style=\"color: #838181;\">Ice factory<\/span><br \/>\n<span style=\"color: #838181;\">Unic national monument, located on the north slope of the  mountain. Build on the XVIII century, had the function of storing the ice formed on it\u2019s water tanks during the cold months. The ice was storage on layers, and after transported to Lisbon.<\/span><br \/>\n<span style=\"color: #838181;\"><a style=\"color: #838181;\" href=\"http:\/\/www.cadavalcativa.pt\/pic\/downloads\/FolhetoguiaALT05_55376f57ce904.pdf\" target=\"_blank\" rel=\"noopener\">http:\/\/www.cadavalcativa.pt\/pic\/downloads\/FolhetoguiaALT05_55376f57ce904.pdf<\/a><\/span><br \/>\n<span style=\"color: #838181;\"><a style=\"color: #838181;\" href=\"https:\/\/whotrips.com\/2018\/05\/08\/caso-o-frigorifico-avarie-onde-vai-buscar-o-gelo\/\" target=\"_blank\" rel=\"noopener\">https:\/\/whotrips.com\/2018\/05\/08\/caso-o-frigorifico-avarie-onde-vai-buscar-o-gelo\/<\/a><\/span><\/p>\n<p><span style=\"color: #838181;\"><strong>- Trails<\/strong><\/span><br \/>\n<span style=\"color: #838181;\"><a style=\"color: #838181;\" href=\"https:\/\/sites.google.com\/view\/montejuntotrilhos\" target=\"_blank\" rel=\"noopener\">https:\/\/sites.google.com\/view\/montejuntotrilhos<\/a><\/span><br \/>\n<span style=\"color: #838181;\"><a style=\"color: #838181;\" href=\"http:\/\/www.cadavalcativa.pt\/aventura\/atividades-desportivas\/170\/percursos-e-rotas\" target=\"_blank\" rel=\"noopener\">http:\/\/www.cadavalcativa.pt\/aventura\/atividades-desportivas\/170\/percursos-e-rotas<\/a><\/span><\/p>\n<p><span style=\"color: #838181;\"><strong>&#8211; Bird Watching<\/strong><\/span><br \/>\n<span style=\"color: #838181;\"><a style=\"color: #838181;\" href=\"http:\/\/www.avesdeportugal.info\/sitmontejunto.html\" target=\"_blank\" rel=\"noopener\">http:\/\/www.avesdeportugal.info\/sitmontejunto.html<\/a><\/span><\/p>\n<p><span style=\"color: #838181;\"><strong>- Rock climbing<\/strong><\/span><br \/>\n<span style=\"color: #838181;\"><a style=\"color: #838181;\" href=\"http:\/\/climbingportugal.blogspot.com\/2013\/05\/montejunto-velho-serra-de-montejunto.html\" target=\"_blank\" rel=\"noopener\">http:\/\/climbingportugal.blogspot.com\/2013\/05\/montejunto-velho-serra-de-montejunto.html<\/a><\/span><\/p>\n<p><span style=\"color: #838181;\"><strong>Windmills<\/strong><\/span><br \/>\n<span style=\"color: #838181;\"><a style=\"color: #838181;\" href=\"http:\/\/www.viveralenquer.pt\/fazer.php?id1=11&amp;id2=22\" target=\"_blank\" rel=\"noopener\">http:\/\/www.viveralenquer.pt\/fazer.php?id1=11&amp;id2=22<\/a><\/span><br \/>\n<span style=\"color: #838181;\"><a style=\"color: #838181;\" href=\"http:\/\/www.cadavalcativa.pt\/heritage\/moinhos\/217\/windmill--penedo-dos-ovos-#prettyPhoto\" target=\"_blank\" rel=\"noopener\">http:\/\/www.cadavalcativa.pt\/heritage\/moinhos\/217\/windmill&#8211;penedo-dos-ovos-#prettyPhoto<\/a><\/span><\/p>\n<p><span style=\"color: #838181;\"><strong>Local products:<\/strong><\/span><br \/>\n<span style=\"color: #838181;\">Montejunto cheese \u2013 <a style=\"color: #838181;\" href=\"http:\/\/www.cadavalcativa.pt\/gastronomy\/produtos-locais\/183\/queijos\" target=\"_blank\" rel=\"noopener\">http:\/\/www.cadavalcativa.pt\/gastronomy\/produtos-locais\/183\/queijos<\/a><\/span><br \/>\n<span style=\"color: #838181;\">Montejunto honey \u2013 <a style=\"color: #838181;\" href=\"http:\/\/www.cadavalcativa.pt\/gastronomy\/produtos-locais\/154\/mel-da-serra-de-montejunto\" target=\"_blank\" rel=\"noopener\">http:\/\/www.cadavalcativa.pt\/gastronomy\/produtos-locais\/154\/mel-da-serra-de-montejunto<\/a><\/span><br \/>\n<span style=\"color: #838181;\">Tia Piedade sponge cake \u2013 <a style=\"color: #838181;\" href=\"http:\/\/www.cadavalcativa.pt\/gastronomy\/produtos-locais\/164\/pao-de-lo-tipiedade\" target=\"_blank\" rel=\"noopener\">http:\/\/www.cadavalcativa.pt\/gastronomy\/produtos-locais\/164\/pao-de-lo-tipiedade<\/a><\/span><\/p>\n\n\t\t<\/div>\n\t<\/div>\n<div class=\"wpb_images_carousel wpb_content_element vc_clearfix wpb_content_element\"><div class=\"wpb_wrapper\"><div id=\"vc_images-carousel-1-1776206412\" data-ride=\"vc_carousel\" data-wrap=\"false\" style=\"width: 400px;\" data-interval=\"0\" data-auto-height=\"yes\" data-mode=\"horizontal\" data-partial=\"false\" data-per-view=\"1\" data-hide-on-end=\"true\" class=\"vc_slide vc_images_carousel\"><ol class=\"vc_carousel-indicators\"><li data-target=\"#vc_images-carousel-1-1776206412\" data-slide-to=\"0\"><\/li><\/ol><div class=\"vc_carousel-inner\"><div class=\"vc_carousel-slideline\"><div class=\"vc_carousel-slideline-inner\"><div class=\"vc_item\"><div class=\"vc_inner\"><a class=\"\" href=\"https:\/\/abadaserra.pt\/wp-content\/uploads\/2021\/11\/Serra2-1024x768.jpg\" data-lightbox=\"lightbox[rel-1701-4208288523]\"><img decoding=\"async\" class=\"\" src=\"https:\/\/abadaserra.pt\/wp-content\/uploads\/2021\/11\/Serra2-scaled-400x300.jpg\" width=\"400\" height=\"300\" alt=\"Serra2\" title=\"Serra2\" loading=\"lazy\" \/><\/a><\/div><\/div><\/div><\/div><\/div><a class=\"vc_left vc_carousel-control\" href=\"#vc_images-carousel-1-1776206412\" data-slide=\"prev\"><span class=\"icon-prev\"><\/span><\/a><a class=\"vc_right vc_carousel-control\" href=\"#vc_images-carousel-1-1776206412\" data-slide=\"next\"><span class=\"icon-next\"><\/span><\/a><\/div><\/div><\/div>\n\t<div class=\"wpb_text_column wpb_content_element\" >\n\t\t<div class=\"wpb_wrapper\">\n\t\t\t<p><span style=\"color: #838181;\"><strong>-Enotourism<\/strong><\/span><\/p>\n<p><span style=\"color: #838181;\">Aba da Serra is integrated on a viticultural region (belongs to the Wine Route - Rota dos Vinhos), of Lisbon region. There are several wine cellars and vineyards on the region, which can be visited, and where are produced some of the best national wines.<\/span><\/p>\n\n\t\t<\/div>\n\t<\/div>\n<div class=\"wpb_images_carousel wpb_content_element vc_clearfix wpb_content_element\"><div class=\"wpb_wrapper\"><div id=\"vc_images-carousel-2-1776206412\" data-ride=\"vc_carousel\" data-wrap=\"false\" style=\"width: 400px;\" data-interval=\"0\" data-auto-height=\"yes\" data-mode=\"horizontal\" data-partial=\"false\" data-per-view=\"1\" data-hide-on-end=\"true\" class=\"vc_slide vc_images_carousel\"><ol class=\"vc_carousel-indicators\"><li data-target=\"#vc_images-carousel-2-1776206412\" data-slide-to=\"0\"><\/li><\/ol><div class=\"vc_carousel-inner\"><div class=\"vc_carousel-slideline\"><div class=\"vc_carousel-slideline-inner\"><div class=\"vc_item\"><div class=\"vc_inner\"><a class=\"\" href=\"https:\/\/abadaserra.pt\/wp-content\/uploads\/2021\/11\/Enoturismo-768x1024.jpg\" data-lightbox=\"lightbox[rel-1701-2337143967]\"><img decoding=\"async\" class=\"\" src=\"https:\/\/abadaserra.pt\/wp-content\/uploads\/2021\/11\/Enoturismo-scaled-400x300.jpg\" width=\"400\" height=\"300\" alt=\"Enoturismo\" title=\"Enoturismo\" loading=\"lazy\" \/><\/a><\/div><\/div><\/div><\/div><\/div><a class=\"vc_left vc_carousel-control\" href=\"#vc_images-carousel-2-1776206412\" data-slide=\"prev\"><span class=\"icon-prev\"><\/span><\/a><a class=\"vc_right vc_carousel-control\" href=\"#vc_images-carousel-2-1776206412\" data-slide=\"next\"><span class=\"icon-next\"><\/span><\/a><\/div><\/div><\/div>\n\t<div class=\"wpb_text_column wpb_content_element\" >\n\t\t<div class=\"wpb_wrapper\">\n\t\t\t<p><span style=\"color: #838181;\"><strong>\u2013 Gastronomy<\/strong><\/span><\/p>\n<p><span style=\"color: #838181;\">Region of a magnificent gastronomy, with a typical regional identity. There are several options of restaurants nearby, quite prestigious on the region.<\/span><\/p>\n\n\t\t<\/div>\n\t<\/div>\n<div class=\"wpb_images_carousel wpb_content_element vc_clearfix wpb_content_element\"><div class=\"wpb_wrapper\"><div id=\"vc_images-carousel-3-1776206412\" data-ride=\"vc_carousel\" data-wrap=\"false\" style=\"width: 400px;\" data-interval=\"0\" data-auto-height=\"yes\" data-mode=\"horizontal\" data-partial=\"false\" data-per-view=\"1\" data-hide-on-end=\"true\" class=\"vc_slide vc_images_carousel\"><ol class=\"vc_carousel-indicators\"><li data-target=\"#vc_images-carousel-3-1776206412\" data-slide-to=\"0\"><\/li><\/ol><div class=\"vc_carousel-inner\"><div class=\"vc_carousel-slideline\"><div class=\"vc_carousel-slideline-inner\"><div class=\"vc_item\"><div class=\"vc_inner\"><a class=\"\" href=\"https:\/\/abadaserra.pt\/wp-content\/uploads\/2021\/11\/Gastronomia-1024x707.jpg\" data-lightbox=\"lightbox[rel-1701-3150448884]\"><img decoding=\"async\" class=\"\" src=\"https:\/\/abadaserra.pt\/wp-content\/uploads\/2021\/11\/Gastronomia-scaled-400x300.jpg\" width=\"400\" height=\"300\" alt=\"Gastronomia\" title=\"Gastronomia\" loading=\"lazy\" \/><\/a><\/div><\/div><\/div><\/div><\/div><a class=\"vc_left vc_carousel-control\" href=\"#vc_images-carousel-3-1776206412\" data-slide=\"prev\"><span class=\"icon-prev\"><\/span><\/a><a class=\"vc_right vc_carousel-control\" href=\"#vc_images-carousel-3-1776206412\" data-slide=\"next\"><span class=\"icon-next\"><\/span><\/a><\/div><\/div><\/div>\n\t<div class=\"wpb_text_column wpb_content_element\" >\n\t\t<div class=\"wpb_wrapper\">\n\t\t\t<p><span style=\"color: #838181;\"><strong>- Other activities<\/strong><\/span><br \/>\n<span style=\"color: #838181;\">- Shooting club: <a style=\"color: #838181;\" href=\"http:\/\/www.valedaspedras.com\/\" target=\"_blank\" rel=\"noopener\">http:\/\/www.valedaspedras.com\/<\/a><\/span><\/p>\n<p><span style=\"color: #838181;\"><strong>\u2013 Beaches<\/strong><\/span><br \/>\n<span style=\"color: #838181;\">The West Coast beaches are located at less than 1 hour from Abrigada. This Coast has several beaches of magnificent landscape, some worldwide famous for the perfect surf conditions, as:<\/span><\/p>\n<p><span style=\"color: #838181;\">-Areia Branca beach (Lourinh\u00e3)<\/span><\/p>\n<p><span style=\"color: #838181;\">- Consola\u00e7\u00e3o beach (Peniche)<\/span><\/p>\n<p><span style=\"color: #838181;\">-Baleal beach (Peniche)<\/span><\/p>\n<p><span style=\"color: #838181;\">-Foz do Arelho beach (Caldas da Rainha)<\/span><\/p>\n<p><span style=\"color: #838181;\">-S. Martinho do Porto beach (Caldas da Rainha)<\/span><\/p>\n<p><span style=\"color: #838181;\">-Nazar\u00e9 \/ Norte beach (Nazar\u00e9)<\/span><\/p>\n\n\t\t<\/div>\n\t<\/div>\n<div class=\"wpb_images_carousel wpb_content_element vc_clearfix wpb_content_element\"><div class=\"wpb_wrapper\"><div id=\"vc_images-carousel-4-1776206412\" data-ride=\"vc_carousel\" data-wrap=\"false\" style=\"width: 400px;\" data-interval=\"0\" data-auto-height=\"yes\" data-mode=\"horizontal\" data-partial=\"false\" data-per-view=\"1\" data-hide-on-end=\"true\" class=\"vc_slide vc_images_carousel\"><ol class=\"vc_carousel-indicators\"><li data-target=\"#vc_images-carousel-4-1776206412\" data-slide-to=\"0\"><\/li><\/ol><div class=\"vc_carousel-inner\"><div class=\"vc_carousel-slideline\"><div class=\"vc_carousel-slideline-inner\"><div class=\"vc_item\"><div class=\"vc_inner\"><a class=\"\" href=\"https:\/\/abadaserra.pt\/wp-content\/uploads\/2021\/11\/Praias1-1024x683.jpg\" data-lightbox=\"lightbox[rel-1701-1272629093]\"><img decoding=\"async\" class=\"\" src=\"https:\/\/abadaserra.pt\/wp-content\/uploads\/2021\/11\/Praias1-scaled-400x300.jpg\" width=\"400\" height=\"300\" alt=\"Praias1\" title=\"Praias1\" loading=\"lazy\" \/><\/a><\/div><\/div><\/div><\/div><\/div><a class=\"vc_left vc_carousel-control\" href=\"#vc_images-carousel-4-1776206412\" data-slide=\"prev\"><span class=\"icon-prev\"><\/span><\/a><a class=\"vc_right vc_carousel-control\" href=\"#vc_images-carousel-4-1776206412\" data-slide=\"next\"><span class=\"icon-next\"><\/span><\/a><\/div><\/div><\/div>\n\t<div class=\"wpb_text_column wpb_content_element\" >\n\t\t<div class=\"wpb_wrapper\">\n\t\t\t<p><span style=\"color: #838181;\"><strong>\u2013 Cities<\/strong><\/span><\/p>\n<p><span style=\"color: #838181;\">It\u2019s location on the border of Estremadura and Ribatejo, places Abrigada at less than one hour from several cities with high touristic interest, as:<\/span><\/p>\n<p><span style=\"color: #838181;\">&#8211; Lisboa<\/span><\/p>\n<p><span style=\"color: #838181;\">&#8211; Alenquer<\/span><\/p>\n<p><span style=\"color: #838181;\">&#8211; \u00d3bidos<\/span><\/p>\n<p><span style=\"color: #838181;\">&#8211; Santar\u00e9m<\/span><\/p>\n<p><span style=\"color: #838181;\">&#8211; Peniche<\/span><\/p>\n\n\t\t<\/div>\n\t<\/div>\n<div class=\"wpb_images_carousel wpb_content_element vc_clearfix wpb_content_element\"><div class=\"wpb_wrapper\"><div id=\"vc_images-carousel-5-1776206412\" data-ride=\"vc_carousel\" data-wrap=\"false\" style=\"width: 400px;\" data-interval=\"0\" data-auto-height=\"yes\" data-mode=\"horizontal\" data-partial=\"false\" data-per-view=\"1\" data-hide-on-end=\"true\" class=\"vc_slide vc_images_carousel\"><ol class=\"vc_carousel-indicators\"><li data-target=\"#vc_images-carousel-5-1776206412\" data-slide-to=\"0\"><\/li><\/ol><div class=\"vc_carousel-inner\"><div class=\"vc_carousel-slideline\"><div class=\"vc_carousel-slideline-inner\"><div class=\"vc_item\"><div class=\"vc_inner\"><a class=\"\" href=\"https:\/\/abadaserra.pt\/wp-content\/uploads\/2021\/11\/Cidades-768x1024.jpg\" data-lightbox=\"lightbox[rel-1701-4165319639]\"><img decoding=\"async\" class=\"\" src=\"https:\/\/abadaserra.pt\/wp-content\/uploads\/2021\/11\/Cidades-scaled-400x300.jpg\" width=\"400\" height=\"300\" alt=\"Cidades\" title=\"Cidades\" loading=\"lazy\" \/><\/a><\/div><\/div><\/div><\/div><\/div><a class=\"vc_left vc_carousel-control\" href=\"#vc_images-carousel-5-1776206412\" data-slide=\"prev\"><span class=\"icon-prev\"><\/span><\/a><a class=\"vc_right vc_carousel-control\" href=\"#vc_images-carousel-5-1776206412\" data-slide=\"next\"><span class=\"icon-next\"><\/span><\/a><\/div><\/div><\/div>\n\t<div class=\"wpb_text_column wpb_content_element\" >\n\t\t<div class=\"wpb_wrapper\">\n\t\t\t<p><span style=\"color: #838181;\"><strong>\u2013 Other information<\/strong><\/span><\/p>\n<p><span style=\"color: #838181;\"><a style=\"color: #838181;\" href=\"https:\/\/quilometrosquecontam.com\/montejunto\/\" target=\"_blank\" rel=\"noopener\">https:\/\/quilometrosquecontam.com\/montejunto\/<\/a><\/span><br \/>\n<span style=\"color: #838181;\"><a style=\"color: #838181;\" href=\"https:\/\/whotrips.com\/2018\/09\/05\/o-refugio-da-serra-de-montejunto\/\" target=\"_blank\" rel=\"noopener\">https:\/\/whotrips.com\/2018\/09\/05\/o-refugio-da-serra-de-montejunto\/<\/a><\/span><br \/>\n<span style=\"color: #838181;\"><a style=\"color: #838181;\" href=\"https:\/\/guia-viagens.aeiou.pt\/montejunto-um-paraiso-natural-hora-lisboa-161640\/\" target=\"_blank\" rel=\"noopener\">https:\/\/guia-viagens.aeiou.pt\/montejunto-um-paraiso-natural-hora-lisboa-161640\/<\/a><\/span><br \/>\n<span style=\"color: #838181;\"><a style=\"color: #838181;\" href=\"https:\/\/www.guiadacidade.pt\/pt\/poi-serra-de-montejunto-16094\" target=\"_blank\" rel=\"noopener\">https:\/\/www.guiadacidade.pt\/pt\/poi-serra-de-montejunto-16094<\/a><\/span><\/p>\n\n\t\t<\/div>\n\t<\/div>\n<\/div><\/div><\/div><\/div>\n<\/div>","protected":false},"excerpt":{"rendered":"Na Regi\u00e3o Localizada na Abrigada, o Aba da Serra encontra-se integrado numa regi\u00e3o rica em actividades. A Abrigada \u00e9 uma aldeia nascida no sop\u00e9 da Serra do Montejunto. A sua localiza\u00e7\u00e3o central na regi\u00e3o da Estremadura coloca-a a menos de uma hora de diversos pontos de interessa na regi\u00e3o centro de Portugal. - Serra do [...]","protected":false},"author":1,"featured_media":0,"parent":0,"menu_order":0,"comment_status":"closed","ping_status":"closed","template":"","meta":{"footnotes":""},"class_list":["post-1701","page","type-page","status-publish","hentry"],"_links":{"self":[{"href":"https:\/\/abadaserra.pt\/en\/wp-json\/wp\/v2\/pages\/1701","targetHints":{"allow":["GET"]}}],"collection":[{"href":"https:\/\/abadaserra.pt\/en\/wp-json\/wp\/v2\/pages"}],"about":[{"href":"https:\/\/abadaserra.pt\/en\/wp-json\/wp\/v2\/types\/page"}],"author":[{"embeddable":true,"href":"https:\/\/abadaserra.pt\/en\/wp-json\/wp\/v2\/users\/1"}],"replies":[{"embeddable":true,"href":"https:\/\/abadaserra.pt\/en\/wp-json\/wp\/v2\/comments?post=1701"}],"version-history":[{"count":18,"href":"https:\/\/abadaserra.pt\/en\/wp-json\/wp\/v2\/pages\/1701\/revisions"}],"predecessor-version":[{"id":2037,"href":"https:\/\/abadaserra.pt\/en\/wp-json\/wp\/v2\/pages\/1701\/revisions\/2037"}],"wp:attachment":[{"href":"https:\/\/abadaserra.pt\/en\/wp-json\/wp\/v2\/media?parent=1701"}],"curies":[{"name":"wp","href":"https:\/\/api.w.org\/{rel}","templated":true}]}}