{"id":1705,"date":"2021-09-24T10:36:03","date_gmt":"2021-09-24T13:36:03","guid":{"rendered":"https:\/\/abadaserra.pt\/?page_id=1705"},"modified":"2022-12-08T21:49:50","modified_gmt":"2022-12-09T00:49:50","slug":"condicoes","status":"publish","type":"page","link":"https:\/\/abadaserra.pt\/en\/condicoes\/","title":{"rendered":"Terms of Service"},"content":{"rendered":"<div class=\"wpb-content-wrapper\"><div class=\"vc_row wpb_row vc_row-fluid\"><div class=\"wpb_column vc_column_container vc_col-sm-12\"><div class=\"vc_column-inner\"><div class=\"wpb_wrapper\">\n\t<div class=\"wpb_text_column wpb_content_element\" >\n\t\t<div class=\"wpb_wrapper\">\n\t\t\t<h1 style=\"text-align: center;\"><strong>Terms of Service<\/strong><\/h1>\n\n\t\t<\/div>\n\t<\/div>\n<\/div><\/div><\/div><\/div><div class=\"vc_row wpb_row vc_row-fluid vc_custom_1638391789772\"><div class=\"wpb_column vc_column_container vc_col-sm-6\"><div class=\"vc_column-inner\"><div class=\"wpb_wrapper\">\n\t<div class=\"wpb_text_column wpb_content_element vc_custom_1669895315435\" >\n\t\t<div class=\"wpb_wrapper\">\n\t\t\t<p><span style=\"color: #838181;\"><strong>Terms of Service<\/strong><\/span><\/p>\n<p><span style=\"color: #838181;\">Maximum accommodation capacity: 12 adults<\/span><br \/>\n<span style=\"color: #838181;\">Possibility of 1 extra-bed on each bedroom \u2013 availability and price upon consultation<\/span><\/p>\n<p><span style=\"color: #838181;\">The number of guests announced on the reservation cannot be exceeded.<\/span><br \/>\n<span style=\"color: #838181;\">During the stay, external visits to the site, besides the announced guests, are not allowed.<\/span><\/p>\n<p><span style=\"color: #838181;\">Check-in: 16h-22h. Check-out: until 12h<\/span><\/p>\n<p><span style=\"color: #838181;\">Regime: Accommodation and breakfast<\/span><\/p>\n<p><span style=\"color: #838181;\">Breakfast served from 8h30m until 10h30m, as self-service, and it\u2019s restricted to the available products<\/span><\/p>\n<p><span style=\"color: #838181;\">Amenities included:<\/span><\/p>\n<p style=\"padding-left: 40px;\" class=\" translation-block\"><span style=\"color: #808080\">-Free Wi-fio<\/span><br>\n<span style=\"color: #808080\">-Cable TV on each bedroom and each living-room<\/span><br>\n<span style=\"color: #808080\">-Air conditioning \/ heating on each bedroom<\/span><br>\n<span style=\"color: #808080\">-Bathroom towels<\/span><br>\n<span style=\"color: #808080\">-Toilet paper<\/span><br>\n<span style=\"color: #808080\">-Bed linen<\/span><br>\n<span style=\"color: #808080\">-Hair drier<\/span><br>\n<span style=\"color: #808080\">-Sab\u00e3o\/Gel de banho\/Shampoo<\/span><br>\n<span style=\"color: #808080\">-Cleaning service (periodicity to be agreed)<\/span><\/p>\n<p><span style=\"color: #838181;\">\u2013 Pets: Not allowed<\/span><\/p>\n<p><span style=\"color: #838181;\">Smoking is not allowed on any interior room<\/span><\/p>\n<p><span style=\"color: #838181;\">\u2013 Swimming pool:<\/span><\/p>\n<p style=\"padding-left: 40px;\" class=\" translation-block\"><span style=\"color: #808080\">\u2013 Access allowed within the schedule given by the owners.<\/span><br>\n<span style=\"color: #808080\">\u2013 Children are not allowed to use the pool without the parents\/responsible supervision.<\/span><br>\n<span style=\"color: #808080\">\u2013 Food or glass containers are not allowed in the pool area.<\/span><\/p>\n<p><span style=\"color: #808080;\">\u2013 Noise: Excessive noise should be avoided in common areas after 11 pm (out of respect for other guests).<\/span><\/p>\n<p><span style=\"color: #838181;\">\u2013 Reservations: through the \u201cReservation\u201d banner on the website<\/span><\/p>\n<p><span style=\"color: #838181;\">\u2013 Prices: under consultation<\/span><\/p>\n\n\t\t<\/div>\n\t<\/div>\n<\/div><\/div><\/div><div class=\"wpb_column vc_column_container vc_col-sm-6\"><div class=\"vc_column-inner\"><div class=\"wpb_wrapper\">\n\t<div class=\"wpb_text_column wpb_content_element vc_custom_1670546945303\" >\n\t\t<div class=\"wpb_wrapper\">\n\t\t\t<p><span style=\"color: #838181;\"><strong>Terms of payment<\/strong><\/span><\/p>\n<p style=\"padding-left: 40px;\"><span style=\"color: #838181;\">Accommodation \u2013 30% on reservation, and 70% until 1 week before the check-in date.<\/span><\/p>\n<p style=\"padding-left: 40px;\"><span style=\"color: #838181;\">Events \u2013 50% on reservation (which is not refundable) | 50% 30 days before the event date.<\/span><\/p>\n<p><span style=\"color: #838181;\">\u2013 Cancellation policy:<\/span><\/p>\n<p style=\"padding-left: 40px;\" class=\" translation-block\"><span style=\"color: #838181\">Accommodation<br>\n\u2013 Until 30 days before check-in date \u2013 No charge<br>\n\u2013 At less than 30 days before check-in, the advanced payment is not refundable<br>\n\u2013 The reservations cannot be modified at less than 30 days before check-in date<br>\n\u2013 All reservations made at less than 30 days from check-in date cannot be modified<br>\nEvents<br>\n\u2013 The advanced payment is not refundable<br>\n<\/span><\/p>\n<p><span style=\"color: #838181;\">\u2013 Damage payment<\/span><\/p>\n<p style=\"padding-left: 40px;\"><span style=\"color: #838181;\">In case of any damages caused by negligence , we reserve de right to charge the guest for the corresponding payment<\/span><\/p>\n<p style=\"padding-left: 40px;\"><span style=\"color: #838181;\">For events, a 500\u20ac deposit is required at check-in, which is returned at check-out in case of no recorded damages.<\/span><\/p>\n<p style=\"padding-left: 40px;\"><span style=\"color: #808080;\">The site shall be delivered by the client in the same conditions as on check-in.<\/span><\/p>\n<p><span style=\"color: #838181;\">\u2013 Noise and schedule<\/span><\/p>\n<p style=\"padding-left: 40px;\"><span style=\"color: #838181;\">\u2013 Events: shall cease on the time determined by the owners<br>\u2013 Accommodation: Excessive noise on the common areas is not allowed after 23h<\/span><\/p>\n\n\t\t<\/div>\n\t<\/div>\n<\/div><\/div><\/div><\/div>\n<\/div>","protected":false},"excerpt":{"rendered":"Condi\u00e7\u00f5es Termos e Condi\u00e7\u00f5es: - Lota\u00e7\u00e3o m\u00e1xima alojamento: 12 adultos Quartos com capacidade para 1 cama extra \u2013 disponibilidade e pre\u00e7os sob consulta. - N\u00e3o pode ser ultrapassada a quantidade de h\u00f3spedes anunciada na reserva. Durante a estadia encontra-se ainda interdita a entrada de visitas externas para al\u00e9m dos h\u00f3spedes. - Check-in: 16h-22h. Check-out: at\u00e9 [...]","protected":false},"author":1,"featured_media":0,"parent":0,"menu_order":0,"comment_status":"closed","ping_status":"closed","template":"","meta":{"footnotes":""},"class_list":["post-1705","page","type-page","status-publish","hentry"],"_links":{"self":[{"href":"https:\/\/abadaserra.pt\/en\/wp-json\/wp\/v2\/pages\/1705","targetHints":{"allow":["GET"]}}],"collection":[{"href":"https:\/\/abadaserra.pt\/en\/wp-json\/wp\/v2\/pages"}],"about":[{"href":"https:\/\/abadaserra.pt\/en\/wp-json\/wp\/v2\/types\/page"}],"author":[{"embeddable":true,"href":"https:\/\/abadaserra.pt\/en\/wp-json\/wp\/v2\/users\/1"}],"replies":[{"embeddable":true,"href":"https:\/\/abadaserra.pt\/en\/wp-json\/wp\/v2\/comments?post=1705"}],"version-history":[{"count":13,"href":"https:\/\/abadaserra.pt\/en\/wp-json\/wp\/v2\/pages\/1705\/revisions"}],"predecessor-version":[{"id":2058,"href":"https:\/\/abadaserra.pt\/en\/wp-json\/wp\/v2\/pages\/1705\/revisions\/2058"}],"wp:attachment":[{"href":"https:\/\/abadaserra.pt\/en\/wp-json\/wp\/v2\/media?parent=1705"}],"curies":[{"name":"wp","href":"https:\/\/api.w.org\/{rel}","templated":true}]}}