{"id":433,"date":"2017-07-19T08:57:14","date_gmt":"2017-07-19T08:57:14","guid":{"rendered":"http:\/\/www.nicdarkthemes.com\/themes\/hotel\/wp\/demo\/?page_id=433"},"modified":"2021-12-10T00:02:13","modified_gmt":"2021-12-10T03:02:13","slug":"abadaserra","status":"publish","type":"page","link":"https:\/\/abadaserra.pt\/en\/abadaserra\/","title":{"rendered":"Aba da Serra"},"content":{"rendered":"<div class=\"wpb-content-wrapper\"><section class=\"vc_section\"><div class=\"vc_row wpb_row vc_row-fluid\"><div class=\"wpb_column vc_column_container vc_col-sm-12\"><div class=\"vc_column-inner\"><div class=\"wpb_wrapper\">\n\t<div class=\"wpb_text_column wpb_content_element\" >\n\t\t<div class=\"wpb_wrapper\">\n\t\t\t<h1 style=\"text-align: center;\"><strong>Aba da Serra<\/strong><\/h1>\n\n\t\t<\/div>\n\t<\/div>\n<\/div><\/div><\/div><\/div><div class=\"vc_row wpb_row vc_row-fluid\"><div class=\"wpb_column vc_column_container vc_col-sm-12\"><div class=\"vc_column-inner\"><div class=\"wpb_wrapper\">\n\t<div class=\"wpb_text_column wpb_content_element vc_custom_1639105158202\" >\n\t\t<div class=\"wpb_wrapper\">\n\t\t\t<p class=\"p1\"><span class=\"s1\">Aba da Serra it\u2019s a space with denomination of Country Houses (Casas de Campo), integrated on Portugal Rural Tourism (Turismo Rural) program, offering lodging with breakfast included. Also, Aba da Serra has a large area dedicated for holding events.<\/span><\/p>\n<p class=\"p1\"><span class=\"s1\">It\u2019s a family undertaking, built in 2021, through an old wine cellar refurbishment and recovery, keeping it\u2019s original architecture.<\/span><\/p>\n<p class=\"p1\"><span class=\"s1\">Aba da Serra is located on Abrigada village, on Montejunto mountain (Serra do Montejunto) foothill. It\u2019s situated on an area of old wine cellars, integrated on a viticultural region (belongs to the Wine Route - Rota dos Vinhos), of Lisbon region.<\/span><\/p>\n<p><span class=\"s1\">It\u2019s central location, region of Estremadura, places Abrigada less than one hour from several points of interest of Portugal center region, as Lisbon, Alenquer, Santar\u00e9m, \u00d3bidos, Peniche, and also the West Coast beaches. <a href=\"https:\/\/www.visitlisboa.com\/pt-pt\" target=\"_blank\" rel=\"noopener\"><span class=\"s2\">Lisboa,<\/span><\/a> <a href=\"http:\/\/www.viveralenquer.pt\/portfolio_events.php\" target=\"_blank\" rel=\"noopener\"><span class=\"s2\">Alenquer,<\/span><\/a> <a href=\"https:\/\/www.cm-santarem.pt\/\" target=\"_blank\" rel=\"noopener\"><span class=\"s2\">Santar\u00e9m,<\/span><\/a> <a href=\"https:\/\/www.visitportugal.com\/pt-pt\/content\/obidos\" target=\"_blank\" rel=\"noopener\"><span class=\"s2\">\u00d3bidos,<\/span><\/a> <a href=\"https:\/\/www.visitportugal.com\/pt-pt\/node\/73769\" target=\"_blank\" rel=\"noopener\"><span class=\"s2\">Peniche,<\/span><\/a> and also the West Coast beaches.<\/span><\/p>\n\n\t\t<\/div>\n\t<\/div>\n<\/div><\/div><\/div><\/div><\/section><div class=\"vc_row wpb_row vc_row-fluid vc_custom_1492510780167\"><div class=\"wpb_column vc_column_container vc_col-sm-4\"><div class=\"vc_column-inner\"><div class=\"wpb_wrapper\"><div style=\"background-color:;height: 10px\" class=\"nicdark_section\"><\/div>\n\n  <!--START team-->\n  <div class=\"nd_options_team_component_l5 nd_options_section nd_options_box_sizing_border_box\">    \n    <div class=\"nd_options_section nd_options_position_relative\">\n\n      <img decoding=\"async\" alt=\"\" class=\"nd_options_section\" src=\"https:\/\/abadaserra.pt\/wp-content\/uploads\/2021\/11\/Pequeno-Almoco-1024x683.jpg\">\n\n      <div class=\"nd_options_bg_greydark_alpha_gradient_3 nd_options_position_absolute nd_options_left_0 nd_options_height_100_percentage nd_options_width_100_percentage nd_options_box_sizing_border_box\">\n        <div class=\"nd_options_position_absolute nd_options_bottom_30 nd_options_width_100_percentage nd_options_padding_botttom_0 nd_options_padding_50 nd_options_box_sizing_border_box nd_options_text_align_center\">\n          <h3 class=\"nd_options_color_white\">Breakfast<\/h3>\n          <div class=\"nd_options_section nd_options_height_10\"><\/div>\n          <h6 class=\"nd_options_color_white\"><strong><\/strong><\/h6>\n        <\/div>\n      <\/div>\n\n    <\/div>\n  <\/div>\n  <!--END team-->\n<div style=\"background-color:;height: 10px\" class=\"nicdark_section\"><\/div><\/div><\/div><\/div><div class=\"wpb_column vc_column_container vc_col-sm-4\"><div class=\"vc_column-inner\"><div class=\"wpb_wrapper\"><div style=\"background-color:;height: 10px\" class=\"nicdark_section\"><\/div>\n\n  <!--START team-->\n  <div class=\"nd_options_team_component_l5 nd_options_section nd_options_box_sizing_border_box\">    \n    <div class=\"nd_options_section nd_options_position_relative\">\n\n      <img decoding=\"async\" alt=\"\" class=\"nd_options_section\" src=\"https:\/\/abadaserra.pt\/wp-content\/uploads\/2021\/11\/Alojamento-1024x683.jpg\">\n\n      <div class=\"nd_options_bg_greydark_alpha_gradient_3 nd_options_position_absolute nd_options_left_0 nd_options_height_100_percentage nd_options_width_100_percentage nd_options_box_sizing_border_box\">\n        <div class=\"nd_options_position_absolute nd_options_bottom_30 nd_options_width_100_percentage nd_options_padding_botttom_0 nd_options_padding_50 nd_options_box_sizing_border_box nd_options_text_align_center\">\n          <h3 class=\"nd_options_color_white\">Rooms<\/h3>\n          <div class=\"nd_options_section nd_options_height_10\"><\/div>\n          <h6 class=\"nd_options_color_white\"><strong><\/strong><\/h6>\n        <\/div>\n      <\/div>\n\n    <\/div>\n  <\/div>\n  <!--END team-->\n<div style=\"background-color:;height: 10px\" class=\"nicdark_section\"><\/div><\/div><\/div><\/div><div class=\"wpb_column vc_column_container vc_col-sm-4\"><div class=\"vc_column-inner\"><div class=\"wpb_wrapper\"><div style=\"background-color:;height: 10px\" class=\"nicdark_section\"><\/div>\n\n  <!--START team-->\n  <div class=\"nd_options_team_component_l5 nd_options_section nd_options_box_sizing_border_box\">    \n    <div class=\"nd_options_section nd_options_position_relative\">\n\n      <img decoding=\"async\" alt=\"\" class=\"nd_options_section\" src=\"https:\/\/abadaserra.pt\/wp-content\/uploads\/2021\/11\/Eventos-1024x683.jpg\">\n\n      <div class=\"nd_options_bg_greydark_alpha_gradient_3 nd_options_position_absolute nd_options_left_0 nd_options_height_100_percentage nd_options_width_100_percentage nd_options_box_sizing_border_box\">\n        <div class=\"nd_options_position_absolute nd_options_bottom_30 nd_options_width_100_percentage nd_options_padding_botttom_0 nd_options_padding_50 nd_options_box_sizing_border_box nd_options_text_align_center\">\n          <h3 class=\"nd_options_color_white\">Events<\/h3>\n          <div class=\"nd_options_section nd_options_height_10\"><\/div>\n          <h6 class=\"nd_options_color_white\"><strong><\/strong><\/h6>\n        <\/div>\n      <\/div>\n\n    <\/div>\n  <\/div>\n  <!--END team-->\n<div style=\"background-color:;height: 10px\" class=\"nicdark_section\"><\/div><\/div><\/div><\/div><\/div><section class=\"vc_section\"><\/section>\n<\/div>","protected":false},"excerpt":{"rendered":"Aba da Serra Aba da Serra \u00e9 um espa\u00e7o com denomina\u00e7\u00e3o de Casas de Campo, integrado no Turismo Rural de Portugal, com oferta de alojamento com pequeno-almo\u00e7o. Al\u00e9m disso disp\u00f5e tamb\u00e9m de servi\u00e7o de realiza\u00e7\u00e3o de eventos, com um espa\u00e7o amplo para o efeito. Trata-se dum empreendimento familiar, contru\u00eddo em 2021, atrav\u00e9s da recupera\u00e7\u00e3o e [...]","protected":false},"author":1,"featured_media":0,"parent":0,"menu_order":0,"comment_status":"closed","ping_status":"closed","template":"","meta":{"footnotes":""},"class_list":["post-433","page","type-page","status-publish","hentry"],"_links":{"self":[{"href":"https:\/\/abadaserra.pt\/en\/wp-json\/wp\/v2\/pages\/433","targetHints":{"allow":["GET"]}}],"collection":[{"href":"https:\/\/abadaserra.pt\/en\/wp-json\/wp\/v2\/pages"}],"about":[{"href":"https:\/\/abadaserra.pt\/en\/wp-json\/wp\/v2\/types\/page"}],"author":[{"embeddable":true,"href":"https:\/\/abadaserra.pt\/en\/wp-json\/wp\/v2\/users\/1"}],"replies":[{"embeddable":true,"href":"https:\/\/abadaserra.pt\/en\/wp-json\/wp\/v2\/comments?post=433"}],"version-history":[{"count":16,"href":"https:\/\/abadaserra.pt\/en\/wp-json\/wp\/v2\/pages\/433\/revisions"}],"predecessor-version":[{"id":1932,"href":"https:\/\/abadaserra.pt\/en\/wp-json\/wp\/v2\/pages\/433\/revisions\/1932"}],"wp:attachment":[{"href":"https:\/\/abadaserra.pt\/en\/wp-json\/wp\/v2\/media?parent=433"}],"curies":[{"name":"wp","href":"https:\/\/api.w.org\/{rel}","templated":true}]}}